{"id":31,"date":"2021-10-12T09:58:39","date_gmt":"2021-10-12T07:58:39","guid":{"rendered":"https:\/\/www.daviddesign.it\/?page_id=31"},"modified":"2021-10-22T15:19:25","modified_gmt":"2021-10-22T13:19:25","slug":"about-daviddesign","status":"publish","type":"page","link":"https:\/\/www.daviddesign.it\/index.php\/about-daviddesign\/","title":{"rendered":"about"},"content":{"rendered":"<div class=\"wpb-content-wrapper\"><p>[vc_row][vc_column width=&#8221;1\/2&#8243;][vc_column_text]<\/p>\r\n<p><strong>david mazzocchi design<\/strong><\/p>\r\n<p>event creator<\/p>\r\n<!-- \/wp:post-content -->\r\n<p><!-- wp:paragraph -->daviddesign si pone come fulcro nella progettazione di eventi. Per noi gli eventi sono tutti i luoghi e spazi dove si crea un interazione, aggregazione, comunicazione ed emozione. Proprio per questo il nostro campo di azione \u00e8 da allestimenti per eventi live a soluzioni digitali e ibride. Ci siamo specializzati in pi\u00f9 rami del mondo della comunicazione\\design per poter offrire la miglior soluzione ad ogni singola richiesta. In questo percorso abbiamo stretto delle collaborazioni con realt\u00e0 affermate, solide in grado di supportare il cliente nelle attivit\u00e0 pi\u00f9 innovative e stimolanti che il mondo della comunicazione ci richiede.<\/p>\r\n<p><!-- \/wp:paragraph -->\u00a0<\/p>\r\n<p>Dopo un\u2019 esperienza iniziale maturata presso lo studio di advance design di Gino Finizio, partecipa a workshop con multinazionali come 3M, Fincantieri, LG, inizia la sua strada lavorativa da libero professionista.<br \/>Anni di collaborazioni al fianco di brand internazionali gli permettono di dare la migliore interpretazione del carattere, dei valori e dell\u2019estetica, peculiari di ogni singolo cliente.<br \/>Proprio per questi motivi, si pone come fulcro tra marketing e progettazione, tra l\u2019idea e la sua realizzazione. Questo gli ha permesso di sviluppare altissime capacit\u00e0 nel lavoro in team, cercando di valorizzare le caratteristiche di ogni singolo componente.<br \/>Innovazione tecnologica, sapienza artigianale italiana, materia e processi, sono la base dello sviluppo di ogni progetto combinando gli strumenti pi\u00f9 avanzati<br \/>all\u2019eccellenza della tradizione locale.<br \/>La passione per il dettaglio ed il controllo del processo progettuale e produttivo aumentano la qualit\u00e0 di ogni realizzazione.<br \/>Collabora con numerosi laboratori dove la combinazione di professionalit\u00e0 e competenze, garantisce la massima efficienza in tutte le fasi dell\u2019evoluzione progettuale, dallo sviluppo dell\u2019idea iniziale fino al prodotto finito.<br \/>Grazie alle esperienze maturate si pone come coordinatore di progetti, come art director, product designer, ma soprattutto sviluppa una forte experience nell\u2019exhibit\u00a0<\/p>\r\n<p>[\/vc_column_text][\/vc_column][vc_column width=&#8221;1\/2&#8243;][vc_single_image image=&#8221;271&#8243; img_size=&#8221;Large&#8221; add_caption=&#8221;yes&#8221;][\/vc_column][\/vc_row]<\/p><\/div>","protected":false},"excerpt":{"rendered":"<p>[vc_row][vc_column width=&#8221;1\/2&#8243;][vc_column_text] david mazzocchi design event creator daviddesign si pone come fulcro nella progettazione di eventi. Per noi gli eventi sono tutti i luoghi e spazi dove si crea un interazione, aggregazione, comunicazione ed emozione. Proprio per questo il nostro campo di azione \u00e8 da allestimenti per eventi live a soluzioni digitali e ibride. Ci&hellip;<\/p>\n","protected":false},"author":1,"featured_media":0,"parent":0,"menu_order":1,"comment_status":"closed","ping_status":"closed","template":"","meta":{"_acf_changed":false,"footnotes":""},"class_list":["post-31","page","type-page","status-publish","hentry"],"acf":[],"jetpack_sharing_enabled":true,"_links":{"self":[{"href":"https:\/\/www.daviddesign.it\/index.php\/wp-json\/wp\/v2\/pages\/31","targetHints":{"allow":["GET"]}}],"collection":[{"href":"https:\/\/www.daviddesign.it\/index.php\/wp-json\/wp\/v2\/pages"}],"about":[{"href":"https:\/\/www.daviddesign.it\/index.php\/wp-json\/wp\/v2\/types\/page"}],"author":[{"embeddable":true,"href":"https:\/\/www.daviddesign.it\/index.php\/wp-json\/wp\/v2\/users\/1"}],"replies":[{"embeddable":true,"href":"https:\/\/www.daviddesign.it\/index.php\/wp-json\/wp\/v2\/comments?post=31"}],"version-history":[{"count":8,"href":"https:\/\/www.daviddesign.it\/index.php\/wp-json\/wp\/v2\/pages\/31\/revisions"}],"predecessor-version":[{"id":515,"href":"https:\/\/www.daviddesign.it\/index.php\/wp-json\/wp\/v2\/pages\/31\/revisions\/515"}],"wp:attachment":[{"href":"https:\/\/www.daviddesign.it\/index.php\/wp-json\/wp\/v2\/media?parent=31"}],"curies":[{"name":"wp","href":"https:\/\/api.w.org\/{rel}","templated":true}]}}